{"id":5941,"date":"2014-12-11T19:04:34","date_gmt":"2014-12-11T18:04:34","guid":{"rendered":"http:\/\/diaridigital.urv.cat\/?page_id=5941"},"modified":"2021-09-16T14:49:51","modified_gmt":"2021-09-16T12:49:51","slug":"privacy","status":"publish","type":"page","link":"https:\/\/diaridigital.urv.cat\/en\/privacy\/","title":{"rendered":"Privacy"},"content":{"rendered":"<h2>Pol\u00edtica de privacitat<\/h2>\n<p><strong>1. Tractament de les dades<\/strong><\/p>\n<p>Nom\u00e9s es recullen o capturen els noms, les adreces personals (de treball o electr\u00f2niques), els n\u00fameros de tel\u00e8fon o qualsevol altra dada de car\u00e0cter personal que volunt\u00e0riament faci arribar l&#8217;usuari i, \u00fanicament, per als objectius\u00a0espec\u00edfics que aix\u00ed ho requereixin.<\/p>\n<p>Es garanteix la confidencialitat en el tractament de totes les dades de car\u00e0cter personal a les quals es tingui acc\u00e9s com a conseq\u00fc\u00e8ncia del registre al diari\u00a0digital\u00a0URV Activ@.<\/p>\n<p>Nom\u00e9s es demanen les\u00a0dades necess\u00e0ries per validar els comentaris a publicar i per distribuir les subscripcions sol\u00b7licitades. Les dades obtingudes s\u2019incorporen als fitxers creats per\u00a0la Universitat amb la finalitat de gestionar el diari digital i tots els serveis.<\/p>\n<p>Tant els responsables dels fitxers com qui intervingui en qualsevol fase del tractament estan sotmesos al m\u00e9s estricte secret professional, amb un especial comprom\u00eds d&#8217;adoptar els nivells de protecci\u00f3 i les mesures necess\u00e0ries, tant t\u00e8cniques com organitzatives, per garantir la seguretat de les dades de car\u00e0cter personal i evitar-ne l\u2019alteraci\u00f3, el mal \u00fas, la p\u00e8rdua, el robatori, el tractament o l\u2019acc\u00e9s no autoritzat.<\/p>\n<p>Finalment, la Universitat Rovira i Virgili garanteix que tant els fitxers i programes, com els equips i locals que intervenen en el proc\u00e9s de tractament de les dades registrades compleixen els requisits d&#8217;integritat i seguretat establerts per la normativa vigent en cada moment.<\/p>\n<p><strong>2. Cessions<\/strong><\/p>\n<p>Les dades de car\u00e0cter personal recollides no es faciliten o comuniquen a tercers aliens a la Universitat, excepte si fossin necess\u00e0ries per a la prestaci\u00f3 del servei o s\u00f3n requerides per les autoritats p\u00fabliques competents, de conformitat amb les disposicions legals i reglament\u00e0ries aplicables en cada moment.<\/p>\n<p><strong>3. Consentiment<\/strong><\/p>\n<p>La introducci\u00f3 i el registre de les dades de car\u00e0cter personal per part de l&#8217;usuari comporta l&#8217;acceptaci\u00f3 i autoritzaci\u00f3 expressa a la Universitat per a la seva recollida, per a la incorporaci\u00f3 als fitxers adients i el tractament necessari de les dades personals, l&#8217;acceptaci\u00f3 volunt\u00e0ria de la cessi\u00f3 de les dades registrades \u00fanicament quant \u00e9s necess\u00e0ria per a la prestaci\u00f3 del servei sol\u00b7licitat i, finalment, l&#8217;autoritzaci\u00f3 per a la conservaci\u00f3 durant els terminis previstos per les disposicions legals aplicables.<\/p>\n<p>La subscripci\u00f3 al butllet\u00ed del diari digital URV Activ@\u00a0i\/o la publicaci\u00f3 de cometaris implica l&#8217;acceptaci\u00f3 expressa i sense reserves de la pol\u00edtica de privacitat de dades de car\u00e0cter personal que mant\u00e9 la Universitat, exposada a la nota legal que es troba al p\u00e0gina del diari digital URV Activ@. En qualsevol moment l&#8217;usuari pot donar-se de baixa de la subscripci\u00f3 al diari digital i les seves dades seran eliminades, segons els termes establerts per la normativa sobre protecci\u00f3 de dades vigent en cada moment.<\/p>\n<p><strong>4. Legislaci\u00f3 aplicable<\/strong><\/p>\n<p>La privacitat de tota la informaci\u00f3 facilitada, tant la facilitada per l&#8217;usuari per mitj\u00e0 dels diferents formularis de sol\u00b7licitud de dades personals, com l&#8217;accessible a trav\u00e9s de urv.cat, est\u00e0 regulada per la Llei Org\u00e0nica 15\/99, del 13 de desembre, de Protecci\u00f3 de Dades de Car\u00e0cter Personal i pels reglaments que la desenvolupen.<\/p>\n<div class=\"itp-share\"><\/div>\n","protected":false},"excerpt":{"rendered":"<p>Pol\u00edtica de privacitat<\/p>\n<p>1. Tractament de les dades<\/p>\n<p>Nom\u00e9s es recullen o capturen els noms, les adreces personals (de treball o electr\u00f2niques), els n\u00fameros de tel\u00e8fon o qualsevol altra dada de car\u00e0cter personal que volunt\u00e0riament faci arribar l&#8217;usuari i, \u00fanicament, per als objectius\u00a0espec\u00edfics que aix\u00ed ho requereixin.<\/p>\n<p>Es garanteix la confidencialitat en el tractament de totes les dades de car\u00e0cter personal a les quals es tingui acc\u00e9s com a conseq\u00fc\u00e8ncia del registre al diari\u00a0digital\u00a0URV Activ@.<\/p>\n<p>Nom\u00e9s es demanen les\u00a0dades necess\u00e0ries per validar els comentaris<\/p>\n","protected":false},"author":15,"featured_media":0,"parent":0,"menu_order":14,"comment_status":"open","ping_status":"closed","template":"templates\/pagina-completa.php","meta":{"_acf_changed":false,"footnotes":""},"categories":[],"class_list":["post-5941","page","type-page","status-publish","hentry"],"acf":[],"_links":{"self":[{"href":"https:\/\/diaridigital.urv.cat\/en\/wp-json\/wp\/v2\/pages\/5941","targetHints":{"allow":["GET"]}}],"collection":[{"href":"https:\/\/diaridigital.urv.cat\/en\/wp-json\/wp\/v2\/pages"}],"about":[{"href":"https:\/\/diaridigital.urv.cat\/en\/wp-json\/wp\/v2\/types\/page"}],"author":[{"embeddable":true,"href":"https:\/\/diaridigital.urv.cat\/en\/wp-json\/wp\/v2\/users\/15"}],"replies":[{"embeddable":true,"href":"https:\/\/diaridigital.urv.cat\/en\/wp-json\/wp\/v2\/comments?post=5941"}],"version-history":[{"count":0,"href":"https:\/\/diaridigital.urv.cat\/en\/wp-json\/wp\/v2\/pages\/5941\/revisions"}],"wp:attachment":[{"href":"https:\/\/diaridigital.urv.cat\/en\/wp-json\/wp\/v2\/media?parent=5941"}],"wp:term":[{"taxonomy":"category","embeddable":true,"href":"https:\/\/diaridigital.urv.cat\/en\/wp-json\/wp\/v2\/categories?post=5941"}],"curies":[{"name":"wp","href":"https:\/\/api.w.org\/{rel}","templated":true}]}}