{"id":5945,"date":"2014-12-11T19:05:55","date_gmt":"2014-12-11T18:05:55","guid":{"rendered":"http:\/\/diaridigital.urv.cat\/?page_id=5945"},"modified":"2021-09-16T14:50:11","modified_gmt":"2021-09-16T12:50:11","slug":"legal-notice","status":"publish","type":"page","link":"https:\/\/diaridigital.urv.cat\/en\/legal-notice\/","title":{"rendered":"Legal notice"},"content":{"rendered":"<p>En compliment del que estableix la Llei org\u00e0nica 15\/1999, de 13 de desembre, sobre protecci\u00f3 de dades de car\u00e0cter personal, us informem que les vostres dades personals recollides per mitj\u00e0 d\u2019aquest web seran tractades de forma confidencial i es destinaran exclusivament a les finalitats expressades en cada cas.<\/p>\n<p>Pel que fa als drets d\u2019autors, els textos, imatges, sons, animacions, programari i la resta de continguts inclosos en aquest web s\u00f3n propietat exclusiva de la Universitat Rovira i Virgili de Tarragona, amb adre\u00e7a DNS <a href=\"http:\/\/www.urv.cat\">www.urv.cat<\/a> (i <a href=\"http:\/\/www.urv.cat\">www.urv.cat<\/a>), amb seu i domicili social a:<\/p>\n<p style=\"padding-left: 30px;\">Carrer de l\u2019Escorxador, s\/n\n43003 Tarragona\nQ-9350003-A<\/p>\n<p>Per tant, la URV est\u00e0 degudament autoritzada per utilitzar el material publicat.<\/p>\n<p>Qualsevol acte de transmissi\u00f3, distribuci\u00f3, cessi\u00f3, reproducci\u00f3, comercialitzaci\u00f3, emmagatzematge, comunicaci\u00f3 p\u00fablica o transformaci\u00f3, total o parcial, necessita el consentiment expr\u00e9s i escrit de la URV.<\/p>\n<p>Respecte als drets de propietat intel\u00b7lectual, els continguts i elements gr\u00e0fics que formen part del lloc web <a href=\"http:\/\/www.urv.cat\">www.urv.cat<\/a> (<a href=\"http:\/\/www.urv.cat\">www.urv.cat<\/a>) s\u00f3n de titularitat exclusiva de la Universitat Rovira i Virgili i dels seus autors i tenen la consideraci\u00f3 d\u2019obres protegides, d\u2019acord amb el Reial decret legislatiu 1\/1996, de 12 d\u2019abril, pel qual s\u2019aprova el text ref\u00f3s de la Llei de propietat intel\u00b7lectual. Hi s\u00f3n igualment d\u2019aplicaci\u00f3 els tractats internacionals subscrits en la mat\u00e8ria.<\/p>\n","protected":false},"excerpt":{"rendered":"<p>En compliment del que estableix la Llei org\u00e0nica 15\/1999, de 13 de desembre, sobre protecci\u00f3 de dades de car\u00e0cter personal, us informem que les vostres dades personals recollides per mitj\u00e0 d\u2019aquest web seran tractades de forma confidencial i es destinaran exclusivament a les finalitats expressades en cada cas.<\/p>\n<p>Pel que fa als drets d\u2019autors, els textos, imatges, sons, animacions, programari i la resta de continguts inclosos en aquest web s\u00f3n propietat exclusiva de la Universitat Rovira i Virgili de Tarragona, amb<\/p>\n","protected":false},"author":15,"featured_media":0,"parent":0,"menu_order":15,"comment_status":"open","ping_status":"closed","template":"templates\/pagina-completa.php","meta":{"_acf_changed":false,"footnotes":""},"categories":[],"class_list":["post-5945","page","type-page","status-publish","hentry"],"acf":[],"_links":{"self":[{"href":"https:\/\/diaridigital.urv.cat\/en\/wp-json\/wp\/v2\/pages\/5945","targetHints":{"allow":["GET"]}}],"collection":[{"href":"https:\/\/diaridigital.urv.cat\/en\/wp-json\/wp\/v2\/pages"}],"about":[{"href":"https:\/\/diaridigital.urv.cat\/en\/wp-json\/wp\/v2\/types\/page"}],"author":[{"embeddable":true,"href":"https:\/\/diaridigital.urv.cat\/en\/wp-json\/wp\/v2\/users\/15"}],"replies":[{"embeddable":true,"href":"https:\/\/diaridigital.urv.cat\/en\/wp-json\/wp\/v2\/comments?post=5945"}],"version-history":[{"count":0,"href":"https:\/\/diaridigital.urv.cat\/en\/wp-json\/wp\/v2\/pages\/5945\/revisions"}],"wp:attachment":[{"href":"https:\/\/diaridigital.urv.cat\/en\/wp-json\/wp\/v2\/media?parent=5945"}],"wp:term":[{"taxonomy":"category","embeddable":true,"href":"https:\/\/diaridigital.urv.cat\/en\/wp-json\/wp\/v2\/categories?post=5945"}],"curies":[{"name":"wp","href":"https:\/\/api.w.org\/{rel}","templated":true}]}}