{"id":148992,"date":"2026-02-13T12:40:28","date_gmt":"2026-02-13T11:40:28","guid":{"rendered":"https:\/\/diaridigital.urv.cat\/?page_id=148992"},"modified":"2026-02-13T12:40:28","modified_gmt":"2026-02-13T11:40:28","slug":"podcasts","status":"publish","type":"page","link":"https:\/\/diaridigital.urv.cat\/es\/podcasts\/","title":{"rendered":"Los p\u00f3dcasts producidos en la URV"},"content":{"rendered":"<p><a href=\"https:\/\/open.spotify.com\/show\/6hTd8ACP612Q3ttzJzxCCL\" target=\"_blank\" rel=\"noopener\"><img loading=\"lazy\" decoding=\"async\" class=\"alignleft wp-image-148580 size-thumbnail\" src=\"https:\/\/diaridigital.urv.cat\/wp-content\/uploads\/2026\/02\/Som-de-lletres-01-150x150.jpg\" alt=\"\" width=\"150\" height=\"150\" srcset=\"https:\/\/diaridigital.urv.cat\/wp-content\/uploads\/2026\/02\/Som-de-lletres-01-150x150.jpg 150w, https:\/\/diaridigital.urv.cat\/wp-content\/uploads\/2026\/02\/Som-de-lletres-01-300x300.jpg 300w, https:\/\/diaridigital.urv.cat\/wp-content\/uploads\/2026\/02\/Som-de-lletres-01-1024x1024.jpg 1024w, https:\/\/diaridigital.urv.cat\/wp-content\/uploads\/2026\/02\/Som-de-lletres-01-768x768.jpg 768w, https:\/\/diaridigital.urv.cat\/wp-content\/uploads\/2026\/02\/Som-de-lletres-01-370x370.jpg 370w, https:\/\/diaridigital.urv.cat\/wp-content\/uploads\/2026\/02\/Som-de-lletres-01.jpg 1115w\" sizes=\"auto, (max-width: 150px) 100vw, 150px\" \/><\/a><a href=\"https:\/\/open.spotify.com\/show\/6hTd8ACP612Q3ttzJzxCCL\" target=\"_blank\" rel=\"noopener\"><strong>Capsulletres<\/strong><\/a><\/p>\n<p>Profesorado y alumni de las diferentes \u00e1reas de conocimiento de la <strong>Facultad de Letras<\/strong> dan a conocer los saberes que se generan desde la docencia y la investigaci\u00f3n.<\/p>\n<hr \/>\n<p><strong><a href=\"https:\/\/www.youtube.com\/playlist?list=PLsmpPmkjW6De_6cIXhQmua6rku4ufQakg\" target=\"_blank\" rel=\"noopener\"><img loading=\"lazy\" decoding=\"async\" class=\"alignleft wp-image-148359 size-thumbnail\" src=\"https:\/\/diaridigital.urv.cat\/wp-content\/uploads\/2026\/02\/Logo-Coda-Orquestra-150x150.png\" alt=\"\" width=\"150\" height=\"150\" srcset=\"https:\/\/diaridigital.urv.cat\/wp-content\/uploads\/2026\/02\/Logo-Coda-Orquestra-150x150.png 150w, https:\/\/diaridigital.urv.cat\/wp-content\/uploads\/2026\/02\/Logo-Coda-Orquestra-300x300.png 300w, https:\/\/diaridigital.urv.cat\/wp-content\/uploads\/2026\/02\/Logo-Coda-Orquestra-370x370.png 370w, https:\/\/diaridigital.urv.cat\/wp-content\/uploads\/2026\/02\/Logo-Coda-Orquestra.png 633w\" sizes=\"auto, (max-width: 150px) 100vw, 150px\" \/><\/a><a href=\"https:\/\/www.youtube.com\/playlist?list=PLsmpPmkjW6De_6cIXhQmua6rku4ufQakg\" target=\"_blank\" rel=\"noopener\">Coda<\/a><\/strong><\/p>\n<p>Punto de encuentro de las personas que han contribuido a construir el proyecto musical de la <strong>Orquesta Sinf\u00f3nica de la URV<\/strong>, coincidiendo con el cuarto de siglo de la formaci\u00f3n.<\/p>\n<hr \/>\n<p><strong><a href=\"https:\/\/open.spotify.com\/show\/2sXe5qqJolvGX1UBZj2KxE\" target=\"_blank\" rel=\"noopener\"><img loading=\"lazy\" decoding=\"async\" class=\"alignleft wp-image-148270 size-thumbnail\" src=\"https:\/\/diaridigital.urv.cat\/wp-content\/uploads\/2026\/02\/c7c7382f-f287-4029-bcc9-66fa32a1c41d_Caratula-Publicacions-URV-1536x1536-1-150x150.webp\" alt=\"\" width=\"150\" height=\"150\" srcset=\"https:\/\/diaridigital.urv.cat\/wp-content\/uploads\/2026\/02\/c7c7382f-f287-4029-bcc9-66fa32a1c41d_Caratula-Publicacions-URV-1536x1536-1-150x150.webp 150w, https:\/\/diaridigital.urv.cat\/wp-content\/uploads\/2026\/02\/c7c7382f-f287-4029-bcc9-66fa32a1c41d_Caratula-Publicacions-URV-1536x1536-1-300x300.webp 300w, https:\/\/diaridigital.urv.cat\/wp-content\/uploads\/2026\/02\/c7c7382f-f287-4029-bcc9-66fa32a1c41d_Caratula-Publicacions-URV-1536x1536-1-370x370.webp 370w, https:\/\/diaridigital.urv.cat\/wp-content\/uploads\/2026\/02\/c7c7382f-f287-4029-bcc9-66fa32a1c41d_Caratula-Publicacions-URV-1536x1536-1.webp 400w\" sizes=\"auto, (max-width: 150px) 100vw, 150px\" \/><\/a><a href=\"https:\/\/open.spotify.com\/show\/2sXe5qqJolvGX1UBZj2KxE\" target=\"_blank\" rel=\"noopener\">Compaginades<\/a><\/strong><\/p>\n<p>Espacio para descubrir los libros de ciencias sociales y humanidades de <strong>Publicacions URV<\/strong>, el sello editorial de la Universidad, con una mirada profunda.<\/p>\n<hr \/>\n<p><strong><a href=\"https:\/\/www.ivoox.com\/en\/podcast-de-col-leccionista-a-col-leccionista_sq_f12405555_1.html\" target=\"_blank\" rel=\"noopener\"><img loading=\"lazy\" decoding=\"async\" class=\"alignleft wp-image-148283 size-thumbnail\" src=\"https:\/\/diaridigital.urv.cat\/wp-content\/uploads\/2026\/02\/LogoPdcastAuladecine2_1713432248_760-150x150.png\" alt=\"\" width=\"150\" height=\"150\" srcset=\"https:\/\/diaridigital.urv.cat\/wp-content\/uploads\/2026\/02\/LogoPdcastAuladecine2_1713432248_760-150x150.png 150w, https:\/\/diaridigital.urv.cat\/wp-content\/uploads\/2026\/02\/LogoPdcastAuladecine2_1713432248_760-300x300.png 300w, https:\/\/diaridigital.urv.cat\/wp-content\/uploads\/2026\/02\/LogoPdcastAuladecine2_1713432248_760-370x370.png 370w, https:\/\/diaridigital.urv.cat\/wp-content\/uploads\/2026\/02\/LogoPdcastAuladecine2_1713432248_760.png 500w\" sizes=\"auto, (max-width: 150px) 100vw, 150px\" \/><\/a><a href=\"https:\/\/www.ivoox.com\/en\/podcast-de-col-leccionista-a-col-leccionista_sq_f12405555_1.html\" target=\"_blank\" rel=\"noopener\">De col\u00b7leccionista a col\u00b7leccionista<\/a><\/strong><\/p>\n<p>Conversaciones con personas que comparten la afici\u00f3n por el coleccionismo de pel\u00edculas o que lo estudian. Producido por el <strong>Aula de Cine y Artes Audiovisuales<\/strong> de la URV.<\/p>\n<hr \/>\n<p><strong><a href=\"https:\/\/open.spotify.com\/show\/3ugLPn63dkOqx5FbSgNtGj\" target=\"_blank\" rel=\"noopener\"><img loading=\"lazy\" decoding=\"async\" class=\"alignleft wp-image-148588 size-thumbnail\" src=\"https:\/\/diaridigital.urv.cat\/wp-content\/uploads\/2026\/02\/Educacio-i-tecnologia-a-la-URV-150x150.jpg\" alt=\"\" width=\"150\" height=\"150\" srcset=\"https:\/\/diaridigital.urv.cat\/wp-content\/uploads\/2026\/02\/Educacio-i-tecnologia-a-la-URV-150x150.jpg 150w, https:\/\/diaridigital.urv.cat\/wp-content\/uploads\/2026\/02\/Educacio-i-tecnologia-a-la-URV-300x300.jpg 300w, https:\/\/diaridigital.urv.cat\/wp-content\/uploads\/2026\/02\/Educacio-i-tecnologia-a-la-URV-370x370.jpg 370w, https:\/\/diaridigital.urv.cat\/wp-content\/uploads\/2026\/02\/Educacio-i-tecnologia-a-la-URV.jpg 640w\" sizes=\"auto, (max-width: 150px) 100vw, 150px\" \/><\/a><a href=\"https:\/\/open.spotify.com\/show\/3ugLPn63dkOqx5FbSgNtGj\" target=\"_blank\" rel=\"noopener\">Educaci\u00f3 i Tecnologia a la URV<\/a><\/strong><\/p>\n<p>El <strong>Servicio de Recursos Educativos<\/strong> conversa con expertos de distintos \u00e1mbitos para explorar las mejores pr\u00e1cticas, las tendencias emergentes y las soluciones m\u00e1s creativas para los retos educativos del siglo XXI.<\/p>\n<hr \/>\n<p><strong><a href=\"https:\/\/open.spotify.com\/show\/4HcJYPV57vsPzAKy89dIxm\" target=\"_blank\" rel=\"noopener\"><img loading=\"lazy\" decoding=\"async\" class=\"alignleft wp-image-148591 size-thumbnail\" src=\"https:\/\/diaridigital.urv.cat\/wp-content\/uploads\/2026\/02\/images-150x150.jpg\" alt=\"\" width=\"150\" height=\"150\" srcset=\"https:\/\/diaridigital.urv.cat\/wp-content\/uploads\/2026\/02\/images-150x150.jpg 150w, https:\/\/diaridigital.urv.cat\/wp-content\/uploads\/2026\/02\/images-370x370.jpg 370w, https:\/\/diaridigital.urv.cat\/wp-content\/uploads\/2026\/02\/images.jpg 225w\" sizes=\"auto, (max-width: 150px) 100vw, 150px\" \/><\/a><a href=\"https:\/\/open.spotify.com\/show\/4HcJYPV57vsPzAKy89dIxm\" target=\"_blank\" rel=\"noopener\">En clave feminista<\/a><\/strong><\/p>\n<p><strong>Investigadoras de distintos \u00e1mbitos<\/strong> contextualizan las aportaciones acad\u00e9micas de las mujeres cient\u00edficas a lo largo de la historia junto con las dificultades de cada disciplina y \u00e9poca.<\/p>\n<hr \/>\n<p><strong><a href=\"https:\/\/open.spotify.com\/show\/7o1ITnY5MjnDtI0nR5XMO7\" target=\"_blank\" rel=\"noopener\"><img loading=\"lazy\" decoding=\"async\" class=\"alignleft wp-image-148598 size-thumbnail\" src=\"https:\/\/diaridigital.urv.cat\/wp-content\/uploads\/2026\/02\/images-1-150x150.jpg\" alt=\"\" width=\"150\" height=\"150\" srcset=\"https:\/\/diaridigital.urv.cat\/wp-content\/uploads\/2026\/02\/images-1-150x150.jpg 150w, https:\/\/diaridigital.urv.cat\/wp-content\/uploads\/2026\/02\/images-1-370x370.jpg 370w, https:\/\/diaridigital.urv.cat\/wp-content\/uploads\/2026\/02\/images-1.jpg 225w\" sizes=\"auto, (max-width: 150px) 100vw, 150px\" \/><\/a><a href=\"https:\/\/open.spotify.com\/show\/7o1ITnY5MjnDtI0nR5XMO7\" target=\"_blank\" rel=\"noopener\">Fem igualtat<\/a><\/strong><\/p>\n<p>Analiza los avances y los retos de la lucha por los derechos de las mujeres quince a\u00f1os despu\u00e9s de la aprobaci\u00f3n de la Ley de Igualdad. Producido por la <strong>Unidad de Igualdad<\/strong>.<\/p>\n<hr \/>\n<p><strong><a href=\"https:\/\/open.spotify.com\/show\/0D1XXoAk7uhcVPEumJZNnp\" target=\"_blank\" rel=\"noopener\"><img loading=\"lazy\" decoding=\"async\" class=\"alignleft wp-image-148602 size-thumbnail\" src=\"https:\/\/diaridigital.urv.cat\/wp-content\/uploads\/2026\/02\/PodCast-Logo-1-150x150.png\" alt=\"\" width=\"150\" height=\"150\" srcset=\"https:\/\/diaridigital.urv.cat\/wp-content\/uploads\/2026\/02\/PodCast-Logo-1-150x150.png 150w, https:\/\/diaridigital.urv.cat\/wp-content\/uploads\/2026\/02\/PodCast-Logo-1-300x300.png 300w, https:\/\/diaridigital.urv.cat\/wp-content\/uploads\/2026\/02\/PodCast-Logo-1-370x370.png 370w, https:\/\/diaridigital.urv.cat\/wp-content\/uploads\/2026\/02\/PodCast-Logo-1.png 500w\" sizes=\"auto, (max-width: 150px) 100vw, 150px\" \/><\/a><a href=\"https:\/\/open.spotify.com\/show\/0D1XXoAk7uhcVPEumJZNnp\" target=\"_blank\" rel=\"noopener\">P\u00f2dcast del MARC<\/a><\/strong><\/p>\n<p>Difunde los temas que constituyen las principales l\u00edneas de investigaci\u00f3n de los investigadores e investigadoras que integran el <strong>Centro de Investigaci\u00f3n en Antropolog\u00eda M\u00e9dica<\/strong> de la URV.<\/p>\n<hr \/>\n<p><strong><a href=\"https:\/\/go.ivoox.com\/sq\/2752722\" target=\"_blank\" rel=\"noopener\"><img loading=\"lazy\" decoding=\"async\" class=\"alignleft wp-image-148267 size-thumbnail\" src=\"https:\/\/diaridigital.urv.cat\/wp-content\/uploads\/2026\/02\/Logotip_RC-150x150.png\" alt=\"\" width=\"150\" height=\"150\" srcset=\"https:\/\/diaridigital.urv.cat\/wp-content\/uploads\/2026\/02\/Logotip_RC-150x150.png 150w, https:\/\/diaridigital.urv.cat\/wp-content\/uploads\/2026\/02\/Logotip_RC-300x300.png 300w, https:\/\/diaridigital.urv.cat\/wp-content\/uploads\/2026\/02\/Logotip_RC-1024x1024.png 1024w, https:\/\/diaridigital.urv.cat\/wp-content\/uploads\/2026\/02\/Logotip_RC-768x768.png 768w, https:\/\/diaridigital.urv.cat\/wp-content\/uploads\/2026\/02\/Logotip_RC-1536x1536.png 1536w, https:\/\/diaridigital.urv.cat\/wp-content\/uploads\/2026\/02\/Logotip_RC-2048x2048.png 2048w, https:\/\/diaridigital.urv.cat\/wp-content\/uploads\/2026\/02\/Logotip_RC-370x370.png 370w\" sizes=\"auto, (max-width: 150px) 100vw, 150px\" \/><\/a><a href=\"https:\/\/go.ivoox.com\/sq\/2752722\" target=\"_blank\" rel=\"noopener\">Resson\u00e0ncies creatives<\/a><\/strong><\/p>\n<p>Espacio de di\u00e1logo sobre la pr\u00e1ctica art\u00edstica y creativa de nuestro territorio, con especial atenci\u00f3n al arte audiovisual y a la cultura emergente. Producido por el <strong>Aula de Cine y Artes Audiovisuales<\/strong> de la URV.<\/p>\n","protected":false},"excerpt":{"rendered":"<p>Capsulletres<\/p>\n<p>Profesorado y alumni de las diferentes \u00e1reas de conocimiento de la Facultad de Letras dan a conocer los saberes que se generan desde la docencia y la investigaci\u00f3n.<\/p>\n<p>Coda<\/p>\n<p>Punto de encuentro de las personas que han contribuido a construir el proyecto musical de la Orquesta Sinf\u00f3nica de la URV, coincidiendo con el cuarto de siglo de la formaci\u00f3n.<\/p>\n<p>Compaginades<\/p>\n<p>Espacio para descubrir los libros de ciencias sociales y humanidades de Publicacions URV, el sello editorial de la Universidad, con una mirada profunda.<\/p>\n<p>De col\u00b7leccionista<\/p>\n","protected":false},"author":54,"featured_media":0,"parent":0,"menu_order":0,"comment_status":"closed","ping_status":"closed","template":"","meta":{"_acf_changed":false,"footnotes":""},"categories":[],"class_list":["post-148992","page","type-page","status-publish","hentry"],"acf":[],"_links":{"self":[{"href":"https:\/\/diaridigital.urv.cat\/es\/wp-json\/wp\/v2\/pages\/148992","targetHints":{"allow":["GET"]}}],"collection":[{"href":"https:\/\/diaridigital.urv.cat\/es\/wp-json\/wp\/v2\/pages"}],"about":[{"href":"https:\/\/diaridigital.urv.cat\/es\/wp-json\/wp\/v2\/types\/page"}],"author":[{"embeddable":true,"href":"https:\/\/diaridigital.urv.cat\/es\/wp-json\/wp\/v2\/users\/54"}],"replies":[{"embeddable":true,"href":"https:\/\/diaridigital.urv.cat\/es\/wp-json\/wp\/v2\/comments?post=148992"}],"version-history":[{"count":0,"href":"https:\/\/diaridigital.urv.cat\/es\/wp-json\/wp\/v2\/pages\/148992\/revisions"}],"wp:attachment":[{"href":"https:\/\/diaridigital.urv.cat\/es\/wp-json\/wp\/v2\/media?parent=148992"}],"wp:term":[{"taxonomy":"category","embeddable":true,"href":"https:\/\/diaridigital.urv.cat\/es\/wp-json\/wp\/v2\/categories?post=148992"}],"curies":[{"name":"wp","href":"https:\/\/api.w.org\/{rel}","templated":true}]}}