{"id":5939,"date":"2014-12-11T19:04:03","date_gmt":"2014-12-11T18:04:03","guid":{"rendered":"http:\/\/diaridigital.urv.cat\/?page_id=5939"},"modified":"2021-09-16T14:50:51","modified_gmt":"2021-09-16T12:50:51","slug":"politica-de-cookies-2","status":"publish","type":"page","link":"https:\/\/diaridigital.urv.cat\/es\/politica-de-cookies-2\/","title":{"rendered":"Pol\u00edtica de cookies"},"content":{"rendered":"<h2>Qu\u00e8 \u00e9s una cookie?<\/h2>\n<p>Les cookies s\u00f3n petits arxius de text que s&#8217;envien al dispositiu quan visiteu un lloc web. Les cookies s\u00f3n retornades al lloc web d&#8217;origen cada cop que el visiteu, o a un altre lloc web que reconeix que la cookie. Les cookies actuen com un record d&#8217;un lloc web, la qual cosa permet recordar el dispositiu en les visites subseg\u00fcents. Les cookies tamb\u00e9 poden recordar les vostres prefer\u00e8ncies, millorar l&#8217;experi\u00e8ncia de l&#8217;usuari, aix\u00ed com adaptar els anuncis.<\/p>\n<h2>Cookies utilitzades en aquest lloc web<\/h2>\n<p><strong>Cookies t\u00e8cniques<\/strong><\/p>\n<p>Les cookies t\u00e8cniques s\u00f3n essencials i necess\u00e0ries perqu\u00e8 el web funcioni correctament i per usar les diverses opcions i serveis que ofereix.<\/p>\n<p><strong>Cookies anal\u00edtiques<\/strong><\/p>\n<p>El nostre lloc web utilitza cookies de Google Analytics. La informaci\u00f3 que recullen aquestes cookies es transferida i arxivada per Google en els seus servidors dels Estats Units, d&#8217;acord amb les seves pr\u00e0ctiques de privacitat. Per a m\u00e9s informaci\u00f3 de les pr\u00e0ctiques de privadesa de Google i com s&#8217;apliquen a Google Analytics visiteu: Pol\u00edtica de Privadesa de Google Analytics<\/p>\n<p><strong>Cookies de sessi\u00f3<\/strong><\/p>\n<p>Les cookies de sessi\u00f3 s\u00f3n aquelles que existeixen nom\u00e9s mentre l&#8217;usuari navega pel web i s&#8217;eliminen al final.<\/p>\n<h2>Com controlar i eliminar les cookies<\/h2>\n<p>La majoria dels navegadors web accepten cookies, per\u00f2 podeu canviar la configuraci\u00f3 del navegador web perqu\u00e8 rebutgi noves cookies, desactivi les que ja existeixen o b\u00e9 que us comuniqui quan alg\u00fa us envia una nova cookie al vostre dispositiu. Per canviar la configuraci\u00f3 seguiu les instruccions que us proporciona cada navegador:<\/p>\n<ul>\n<li>Internet Explorer: Eines &gt; Opcions d&#8217;internet &gt; Privadesa\nO b\u00e9 fes clic aqu\u00ed per m\u00e9s informaci\u00f3.<\/li>\n<li>Firefox: Eines &gt; Opcions &gt; Privadesa &gt; Historial &gt; Par\u00e0metres personalitzats.\nO b\u00e9 fes clic aqu\u00ed per m\u00e9s informaci\u00f3.<\/li>\n<li>Chrome: Configuraci\u00f3 &gt; Mostra la configuraci\u00f3 avan\u00e7ada &gt; Privadesa &gt; Configuraci\u00f3 del contingut.\nO b\u00e9 fes clic aqu\u00ed per m\u00e9s informaci\u00f3.<\/li>\n<li>Safari: Prefer\u00e8ncies &gt; Seguretat.\nO b\u00e9 fes clic aqu\u00ed per m\u00e9s informaci\u00f3.<\/li>\n<li>Opera: Configuraci\u00f3.\nO b\u00e9 fes clic aqu\u00ed per m\u00e9s informaci\u00f3.<\/li>\n<\/ul>\n<p>Bloquejar l&#8217;\u00fas de les cookies en la vostra navegaci\u00f3 pot fer que alguns serveis o caracter\u00edstiques del lloc web no estiguin disponibles.<\/p>\n","protected":false},"excerpt":{"rendered":"<p>Qu\u00e8 \u00e9s una cookie?<\/p>\n<p>Les cookies s\u00f3n petits arxius de text que s&#8217;envien al dispositiu quan visiteu un lloc web. Les cookies s\u00f3n retornades al lloc web d&#8217;origen cada cop que el visiteu, o a un altre lloc web que reconeix que la cookie. Les cookies actuen com un record d&#8217;un lloc web, la qual cosa permet recordar el dispositiu en les visites subseg\u00fcents. Les cookies tamb\u00e9 poden recordar les vostres prefer\u00e8ncies, millorar l&#8217;experi\u00e8ncia de l&#8217;usuari, aix\u00ed com adaptar els anuncis.<\/p>\n<p>Cookies<\/p>\n","protected":false},"author":15,"featured_media":0,"parent":0,"menu_order":13,"comment_status":"open","ping_status":"closed","template":"templates\/pagina-completa.php","meta":{"_acf_changed":false,"footnotes":""},"categories":[],"class_list":["post-5939","page","type-page","status-publish","hentry"],"acf":[],"_links":{"self":[{"href":"https:\/\/diaridigital.urv.cat\/es\/wp-json\/wp\/v2\/pages\/5939","targetHints":{"allow":["GET"]}}],"collection":[{"href":"https:\/\/diaridigital.urv.cat\/es\/wp-json\/wp\/v2\/pages"}],"about":[{"href":"https:\/\/diaridigital.urv.cat\/es\/wp-json\/wp\/v2\/types\/page"}],"author":[{"embeddable":true,"href":"https:\/\/diaridigital.urv.cat\/es\/wp-json\/wp\/v2\/users\/15"}],"replies":[{"embeddable":true,"href":"https:\/\/diaridigital.urv.cat\/es\/wp-json\/wp\/v2\/comments?post=5939"}],"version-history":[{"count":0,"href":"https:\/\/diaridigital.urv.cat\/es\/wp-json\/wp\/v2\/pages\/5939\/revisions"}],"wp:attachment":[{"href":"https:\/\/diaridigital.urv.cat\/es\/wp-json\/wp\/v2\/media?parent=5939"}],"wp:term":[{"taxonomy":"category","embeddable":true,"href":"https:\/\/diaridigital.urv.cat\/es\/wp-json\/wp\/v2\/categories?post=5939"}],"curies":[{"name":"wp","href":"https:\/\/api.w.org\/{rel}","templated":true}]}}