{"id":5959,"date":"2014-12-11T19:11:04","date_gmt":"2014-12-11T18:11:04","guid":{"rendered":"http:\/\/diaridigital.urv.cat\/?page_id=5959"},"modified":"2021-09-22T12:16:43","modified_gmt":"2021-09-22T10:16:43","slug":"ayudenos-a-mejorar","status":"publish","type":"page","link":"https:\/\/diaridigital.urv.cat\/es\/ayudenos-a-mejorar\/","title":{"rendered":"Ay\u00fadenos a mejorar"},"content":{"rendered":"<h2>Env\u00edanos tus comentarios.<\/h2>\n<p>Acabamos de estrenar el nuevo Diario Digital y hemos puesto todo nuestro esfuerzo para que te sea lo m\u00e1s \u00fatil posible. Si crees que podemos mejorar en alg\u00fan aspecto o echas en falta alg\u00fan detalle te agradeceremos que nos lo hagas saber a trav\u00e9s de este formulario.<\/p>\n<p>Muchas gracias.<\/p>\n<p>&nbsp;<\/p>\n\n<div class=\"wpcf7 no-js\" id=\"wpcf7-f12425-o1\" lang=\"ca\" dir=\"ltr\" data-wpcf7-id=\"12425\">\n<div class=\"screen-reader-response\"><p role=\"status\" aria-live=\"polite\" aria-atomic=\"true\"><\/p> <ul><\/ul><\/div>\n<form action=\"\/es\/wp-json\/wp\/v2\/pages\/5959#wpcf7-f12425-o1\" method=\"post\" class=\"wpcf7-form init\" aria-label=\"Formulari de contacte\" novalidate=\"novalidate\" data-status=\"init\">\n<fieldset class=\"hidden-fields-container\"><input type=\"hidden\" name=\"_wpcf7\" value=\"12425\" \/><input type=\"hidden\" name=\"_wpcf7_version\" value=\"6.1.3\" \/><input type=\"hidden\" name=\"_wpcf7_locale\" value=\"ca\" \/><input type=\"hidden\" name=\"_wpcf7_unit_tag\" value=\"wpcf7-f12425-o1\" \/><input type=\"hidden\" name=\"_wpcf7_container_post\" value=\"0\" \/><input type=\"hidden\" name=\"_wpcf7_posted_data_hash\" value=\"\" \/>\n<\/fieldset>\n<p>\u00bfQu\u00e9 deseas sugerirnos?\n    <span class=\"wpcf7-form-control-wrap\" data-name=\"your-message\"><textarea cols=\"40\" rows=\"10\" maxlength=\"2000\" class=\"wpcf7-form-control wpcf7-textarea\" aria-invalid=\"false\" name=\"your-message\"><\/textarea><\/span> <\/p>\n\n<p>Tu nombre (necesario)\n    <span class=\"wpcf7-form-control-wrap\" data-name=\"your-name\"><input size=\"40\" maxlength=\"400\" class=\"wpcf7-form-control wpcf7-text wpcf7-validates-as-required\" aria-required=\"true\" aria-invalid=\"false\" value=\"\" type=\"text\" name=\"your-name\" \/><\/span> <\/p>\n\n<p>Tu correo-e (necesario)\n    <span class=\"wpcf7-form-control-wrap\" data-name=\"your-email\"><input size=\"40\" maxlength=\"400\" class=\"wpcf7-form-control wpcf7-email wpcf7-validates-as-required wpcf7-text wpcf7-validates-as-email\" aria-required=\"true\" aria-invalid=\"false\" value=\"\" type=\"email\" name=\"your-email\" \/><\/span> <\/p>\n\n<!-- <p>\u00bfEres humano? Escribe el texto de la imagen:<\/p> -->\n\n<p><input class=\"wpcf7-form-control wpcf7-submit has-spinner\" type=\"submit\" value=\"Enviar\" \/><\/p><p style=\"display: none !important;\" class=\"akismet-fields-container\" data-prefix=\"_wpcf7_ak_\"><label>&#916;<textarea name=\"_wpcf7_ak_hp_textarea\" cols=\"45\" rows=\"8\" maxlength=\"100\"><\/textarea><\/label><input type=\"hidden\" id=\"ak_js_1\" name=\"_wpcf7_ak_js\" value=\"197\"\/><script>document.getElementById( \"ak_js_1\" ).setAttribute( \"value\", ( new Date() ).getTime() );<\/script><\/p><div class=\"wpcf7-response-output\" aria-hidden=\"true\"><\/div>\n<\/form>\n<\/div>\n\n","protected":false},"excerpt":{"rendered":"<p>Env\u00edanos tus comentarios.<\/p>\n<p>Acabamos de estrenar el nuevo Diario Digital y hemos puesto todo nuestro esfuerzo para que te sea lo m\u00e1s \u00fatil posible. Si crees que podemos mejorar en alg\u00fan aspecto o echas en falta alg\u00fan detalle te agradeceremos que nos lo hagas saber a trav\u00e9s de este formulario.<\/p>\n<p>Muchas gracias.<\/p>\n<p>&nbsp;<\/p>\n<p role=\"status\" aria-live=\"polite\" aria-atomic=\"true\">\n<p>\u00bfQu\u00e9 deseas sugerirnos?\n     <\/p>\n<p>Tu nombre (necesario)\n     <\/p>\n<p>Tu correo-e (necesario)\n     <\/p>\n<\/p>\n<p style=\"display: none !important;\" class=\"akismet-fields-container\" data-prefix=\"_wpcf7_ak_\">&#916;<\/p>\n","protected":false},"author":15,"featured_media":0,"parent":0,"menu_order":0,"comment_status":"open","ping_status":"closed","template":"templates\/pagina-completa.php","meta":{"_acf_changed":false,"footnotes":""},"class_list":["post-5959","page","type-page","status-publish","hentry"],"acf":[],"_links":{"self":[{"href":"https:\/\/diaridigital.urv.cat\/es\/wp-json\/wp\/v2\/pages\/5959","targetHints":{"allow":["GET"]}}],"collection":[{"href":"https:\/\/diaridigital.urv.cat\/es\/wp-json\/wp\/v2\/pages"}],"about":[{"href":"https:\/\/diaridigital.urv.cat\/es\/wp-json\/wp\/v2\/types\/page"}],"author":[{"embeddable":true,"href":"https:\/\/diaridigital.urv.cat\/es\/wp-json\/wp\/v2\/users\/15"}],"replies":[{"embeddable":true,"href":"https:\/\/diaridigital.urv.cat\/es\/wp-json\/wp\/v2\/comments?post=5959"}],"version-history":[{"count":0,"href":"https:\/\/diaridigital.urv.cat\/es\/wp-json\/wp\/v2\/pages\/5959\/revisions"}],"wp:attachment":[{"href":"https:\/\/diaridigital.urv.cat\/es\/wp-json\/wp\/v2\/media?parent=5959"}],"curies":[{"name":"wp","href":"https:\/\/api.w.org\/{rel}","templated":true}]}}